{"id":5389,"date":"2018-09-25T17:56:06","date_gmt":"2018-09-25T17:56:06","guid":{"rendered":"http:\/\/acropolishouse.gr\/reviews\/"},"modified":"2020-04-01T16:46:03","modified_gmt":"2020-04-01T16:46:03","slug":"reviews","status":"publish","type":"page","link":"https:\/\/acropolishouse.gr\/fr\/reviews\/","title":{"rendered":"REVIEWS"},"content":{"rendered":"<div class=\"fusion-fullwidth fullwidth-box fusion-builder-row-1 nonhundred-percent-fullwidth non-hundred-percent-height-scrolling mainmargin\" style=\"--awb-background-position:left top;--awb-border-color:#e5e4e4;--awb-border-radius-top-left:0px;--awb-border-radius-top-right:0px;--awb-border-radius-bottom-right:0px;--awb-border-radius-bottom-left:0px;--awb-padding-top:0px;--awb-padding-bottom:0px;--awb-background-color:#e0d2b7;--awb-border-sizes-top:0px;--awb-border-sizes-bottom:0px;--awb-flex-wrap:wrap;\" ><div class=\"fusion-builder-row fusion-row\"><div class=\"fusion-layout-column fusion_builder_column fusion-builder-column-0 fusion_builder_column_1_1 1_1 fusion-one-full fusion-column-first fusion-column-last fusion-column-no-min-height\" style=\"--awb-bg-size:cover;--awb-margin-bottom:0px;\"><div class=\"fusion-column-wrapper fusion-flex-column-wrapper-legacy\"><style>\r\nbody{font-size:17px !important;}\r\n\r\n.wpcr3_div_2 {\r\n    width: 600px;\r\n    text-align: center !important;\r\n    margin: auto !important;\r\n    margin-top: 50px !important;\r\n}\r\n\r\n.post-content {\r\n    text-align: center !important;\r\n\r\n}\r\n.wpcr3_respond_1, .wpcr3_respond_2{margin-top: 50px !important;}\r\n<\/style><div class=\"fusion-text fusion-text-1\"><h1 style=\"text-align: center;\">\u00a0<span class=\"fusion-tooltip tooltip-shortcode\" data-animation=\"\" data-delay=\"0\" data-placement=\"top\" data-title=\"Our Reviews\" title=\"Our Reviews\" data-toggle=\"tooltip\" data-trigger=\"hover\">Our Reviews<\/span> !!!<\/h1>\n<p style=\"text-align: center;\">En g\u00e9n\u00e9ral l\u2019h\u00f4tel a un\u00a0<strong>caract\u00e8re familiale<\/strong>, fournissant la s\u00fbret\u00e9 et les services complets aux familles et aux individus qui nous rendent visite et appr\u00e9cie le caract\u00e8re unique de l hotel.<\/p>\n<\/div><div class=\"fusion-clearfix\"><\/div><\/div><\/div><\/div><\/div>\n","protected":false},"excerpt":{"rendered":"","protected":false},"author":3,"featured_media":0,"parent":0,"menu_order":0,"comment_status":"closed","ping_status":"closed","template":"100-width.php","meta":{"footnotes":""},"class_list":["post-5389","page","type-page","status-publish","hentry"],"_links":{"self":[{"href":"https:\/\/acropolishouse.gr\/fr\/wp-json\/wp\/v2\/pages\/5389","targetHints":{"allow":["GET"]}}],"collection":[{"href":"https:\/\/acropolishouse.gr\/fr\/wp-json\/wp\/v2\/pages"}],"about":[{"href":"https:\/\/acropolishouse.gr\/fr\/wp-json\/wp\/v2\/types\/page"}],"author":[{"embeddable":true,"href":"https:\/\/acropolishouse.gr\/fr\/wp-json\/wp\/v2\/users\/3"}],"replies":[{"embeddable":true,"href":"https:\/\/acropolishouse.gr\/fr\/wp-json\/wp\/v2\/comments?post=5389"}],"version-history":[{"count":2,"href":"https:\/\/acropolishouse.gr\/fr\/wp-json\/wp\/v2\/pages\/5389\/revisions"}],"predecessor-version":[{"id":5396,"href":"https:\/\/acropolishouse.gr\/fr\/wp-json\/wp\/v2\/pages\/5389\/revisions\/5396"}],"wp:attachment":[{"href":"https:\/\/acropolishouse.gr\/fr\/wp-json\/wp\/v2\/media?parent=5389"}],"curies":[{"name":"wp","href":"https:\/\/api.w.org\/{rel}","templated":true}]}}